{"id":2,"date":"2010-12-26T17:23:36","date_gmt":"2010-12-26T17:23:36","guid":{"rendered":"https:\/\/www.martina-tegtmeier.de\/?page_id=2"},"modified":"2022-01-25T11:12:50","modified_gmt":"2022-01-25T11:12:50","slug":"eine-seite","status":"publish","type":"page","link":"https:\/\/www.martina-tegtmeier.de\/?page_id=2","title":{"rendered":"\u00fcber mich"},"content":{"rendered":"<p>Wohnort: Drieberg bei Gadebusch<\/p>\n<p>Jahrgang: 1958<\/p>\n<p>verwitwet, drei erwachsene Kinder<\/p>\n<p><strong>Beruflicher Werdegang:<\/strong><br \/>\nAusbildung zur Kauffrau im Gro\u00df- und Au\u00dfenhandel in einem Betrieb der Pharmaziebranche<br \/>\ndanach mehrere Jahre Angestellte im selben Betrieb<br \/>\ndann selbstst\u00e4ndig<br \/>\nseit 1993 Mitarbeiterin der Sozialdemokratischen Gemeinschaft f\u00fcr Kommunalpolitik (SGK) \u2013 zun\u00e4chst als \u201eKaufm\u00e4nnische\u201c, dann als Mitarbeiterin in der Gesch\u00e4ftsf\u00fchrung und als Referentin<br \/>\nvon 2010 &#8211; 31.12.2021\u00a0 Landesgesch\u00e4ftsf\u00fchrerin der SGK<\/p>\n<p><strong>Politischer Werdegang<\/strong>:<br \/>\nseit 1994 Mitglied der Sozialdemokratischen Partei Deutschlands<br \/>\nvon 1998 bis 2009\u00a0 Beisitzerin im Bundesvorstand der Arbeitsgemeinschaft Sozialdemokratischer Frauen<br \/>\nvon 1994 bis 2004 Gemeindevertreterin der Gemeinde Dragun<br \/>\nvon 1995 bis 2009 Schulverbandsvorsteherin des Schulverbands Br\u00fcsewitz<br \/>\nsei 2006 Mitglied des Landtages Mecklenburg-Vorpommern<br \/>\nSeptember 2014 bis Oktober 2018 Vorsitzende des SPD-Kreisverbands Nordwestmecklenburg-Wismar<br \/>\nOrtsvereinsvorsitzende des Ortsvereins Gadebusch von 2013 &#8211; 2018<\/p>\n<p>seit 1999 mit kurzer Unterbrechung bis heute Mitglied im Kreistag Nordwestmecklenburg<\/p>\n<p><strong>Weiteres: <\/strong><\/p>\n<p>Mitglied im Frauenbildungsnetz MV\u00a0\u00a0\u00a0\u00a0\u00a0\u00a0\u00a0\u00a0\u00a0\u00a0\u00a0\u00a0\u00a0\u00a0\u00a0\u00a0\u00a0\u00a0\u00a0\u00a0\u00a0\u00a0\u00a0\u00a0\u00a0\u00a0\u00a0\u00a0\u00a0\u00a0\u00a0\u00a0\u00a0\u00a0\u00a0\u00a0\u00a0\u00a0\u00a0\u00a0\u00a0\u00a0\u00a0\u00a0\u00a0\u00a0\u00a0\u00a0\u00a0\u00a0\u00a0\u00a0\u00a0\u00a0\u00a0\u00a0\u00a0\u00a0\u00a0\u00a0\u00a0\u00a0\u00a0\u00a0\u00a0\u00a0\u00a0\u00a0\u00a0\u00a0\u00a0\u00a0\u00a0\u00a0\u00a0\u00a0\u00a0\u00a0\u00a0\u00a0\u00a0\u00a0\u00a0 Mitglied der Frauenbr\u00fccke Ost-West<br \/>\nAu\u00dfenstellenleiterin Nordwestmecklenburg im Weissen Ring<\/p>\n<p>&nbsp;<\/p>\n","protected":false},"excerpt":{"rendered":"<p>Wohnort: Drieberg bei Gadebusch Jahrgang: 1958 verwitwet, drei erwachsene Kinder Beruflicher Werdegang: Ausbildung zur Kauffrau im Gro\u00df- und Au\u00dfenhandel in einem Betrieb der Pharmaziebranche danach mehrere Jahre Angestellte im selben Betrieb dann selbstst\u00e4ndig seit 1993 Mitarbeiterin der Sozialdemokratischen Gemeinschaft f\u00fcr &hellip; <a href=\"https:\/\/www.martina-tegtmeier.de\/?page_id=2\">Weiterlesen <span class=\"meta-nav\">&rarr;<\/span><\/a><\/p>\n","protected":false},"author":1,"featured_media":821,"parent":0,"menu_order":0,"comment_status":"closed","ping_status":"open","template":"","meta":{"footnotes":""},"class_list":["post-2","page","type-page","status-publish","has-post-thumbnail","hentry"],"_links":{"self":[{"href":"https:\/\/www.martina-tegtmeier.de\/index.php?rest_route=\/wp\/v2\/pages\/2","targetHints":{"allow":["GET"]}}],"collection":[{"href":"https:\/\/www.martina-tegtmeier.de\/index.php?rest_route=\/wp\/v2\/pages"}],"about":[{"href":"https:\/\/www.martina-tegtmeier.de\/index.php?rest_route=\/wp\/v2\/types\/page"}],"author":[{"embeddable":true,"href":"https:\/\/www.martina-tegtmeier.de\/index.php?rest_route=\/wp\/v2\/users\/1"}],"replies":[{"embeddable":true,"href":"https:\/\/www.martina-tegtmeier.de\/index.php?rest_route=%2Fwp%2Fv2%2Fcomments&post=2"}],"version-history":[{"count":26,"href":"https:\/\/www.martina-tegtmeier.de\/index.php?rest_route=\/wp\/v2\/pages\/2\/revisions"}],"predecessor-version":[{"id":2072,"href":"https:\/\/www.martina-tegtmeier.de\/index.php?rest_route=\/wp\/v2\/pages\/2\/revisions\/2072"}],"wp:featuredmedia":[{"embeddable":true,"href":"https:\/\/www.martina-tegtmeier.de\/index.php?rest_route=\/wp\/v2\/media\/821"}],"wp:attachment":[{"href":"https:\/\/www.martina-tegtmeier.de\/index.php?rest_route=%2Fwp%2Fv2%2Fmedia&parent=2"}],"curies":[{"name":"wp","href":"https:\/\/api.w.org\/{rel}","templated":true}]}}