{"id":9,"date":"2021-12-01T18:13:23","date_gmt":"2021-12-01T18:13:23","guid":{"rendered":"https:\/\/www.martina-tegtmeier.de\/?page_id=9"},"modified":"2021-12-07T19:21:09","modified_gmt":"2021-12-07T19:21:09","slug":"mein-wahlkreis","status":"publish","type":"page","link":"https:\/\/www.martina-tegtmeier.de\/?page_id=9","title":{"rendered":"Mein Wahlkreis"},"content":{"rendered":"<p>________________________________________________<\/p>\n<p><strong>Der Wahlkreis 28 im Landkreis Nordwestmecklenburg\u00a0\u00a0\u00a0\u00a0\u00a0\u00a0\u00a0\u00a0\u00a0\u00a0\u00a0\u00a0\u00a0\u00a0\u00a0\u00a0\u00a0\u00a0\u00a0\u00a0\u00a0\u00a0\u00a0\u00a0\u00a0\u00a0\u00a0\u00a0\u00a0\u00a0\u00a0\u00a0\u00a0\u00a0\u00a0\u00a0\u00a0\u00a0\u00a0\u00a0\u00a0\u00a0\u00a0\u00a0 <\/strong>umfasst die \u00c4mter Gadebusch, L\u00fctzow-L\u00fcbstorf, Dorf Mecklenburg\u2013Bad Kleinen,<br \/>\nNeukloster\u2013Warin, das Amt Neuburg und die Insel Poel.<br \/>\nIn ihm leben ca. 60.000 Menschen.<a href=\"https:\/\/www.martina-tegtmeier.de\/wp-content\/uploads\/2016\/03\/tulips-52125__180.jpg\"><img loading=\"lazy\" decoding=\"async\" class=\" wp-image-808 alignright\" src=\"https:\/\/www.martina-tegtmeier.de\/wp-content\/uploads\/2016\/03\/tulips-52125__180.jpg\" alt=\"tulips-52125__180\" width=\"193\" height=\"145\" \/><\/a><br \/>\nGepr\u00e4gt ist der Wahlkreis von einer wundersch\u00f6nen Natur und seiner kleinteiligen Siedlungsstruktur.<br \/>\nDie kleinste Gemeinde im Wahlkreis 28 ist die Gemeinde Passe\u00e9 mit etwas mehr als 200 Einwohnern, die gr\u00f6\u00dfte Gemeinde die Stadt Gadebusch mit etwa 6.000 Einwohnern.<\/p>\n<p>&nbsp;<\/p>\n<p>_____________________________________________________________________________<\/p>\n<p>Mein B\u00fcro f\u00fcr B\u00fcrgerinnen und B\u00fcrger finden Sie in:<\/p>\n<p><strong>19205 Gadebusch, Wollbr\u00fcgger Str. 8<\/strong><\/p>\n<p><strong>e-mail: wkb.martina.tegtmeier@t-online.de <\/strong><\/p>\n<p>&nbsp;<\/p>\n<p>&nbsp;<\/p>\n<p>&nbsp;<\/p>\n<p><strong>\u00a0<\/strong><\/p>\n<p><strong>\u00a0<\/strong><\/p>\n<p>&nbsp;<\/p>\n<p>&nbsp;<\/p>\n","protected":false},"excerpt":{"rendered":"<p>________________________________________________ Der Wahlkreis 28 im Landkreis Nordwestmecklenburg\u00a0\u00a0\u00a0\u00a0\u00a0\u00a0\u00a0\u00a0\u00a0\u00a0\u00a0\u00a0\u00a0\u00a0\u00a0\u00a0\u00a0\u00a0\u00a0\u00a0\u00a0\u00a0\u00a0\u00a0\u00a0\u00a0\u00a0\u00a0\u00a0\u00a0\u00a0\u00a0\u00a0\u00a0\u00a0\u00a0\u00a0\u00a0\u00a0\u00a0\u00a0\u00a0\u00a0\u00a0 umfasst die \u00c4mter Gadebusch, L\u00fctzow-L\u00fcbstorf, Dorf Mecklenburg\u2013Bad Kleinen, Neukloster\u2013Warin, das Amt Neuburg und die Insel Poel. In ihm leben ca. 60.000 Menschen. Gepr\u00e4gt ist der Wahlkreis von einer wundersch\u00f6nen Natur und seiner kleinteiligen &hellip; <a href=\"https:\/\/www.martina-tegtmeier.de\/?page_id=9\">Weiterlesen <span class=\"meta-nav\">&rarr;<\/span><\/a><\/p>\n","protected":false},"author":1,"featured_media":0,"parent":0,"menu_order":0,"comment_status":"closed","ping_status":"open","template":"","meta":{"footnotes":""},"class_list":["post-9","page","type-page","status-publish","hentry"],"_links":{"self":[{"href":"https:\/\/www.martina-tegtmeier.de\/index.php?rest_route=\/wp\/v2\/pages\/9","targetHints":{"allow":["GET"]}}],"collection":[{"href":"https:\/\/www.martina-tegtmeier.de\/index.php?rest_route=\/wp\/v2\/pages"}],"about":[{"href":"https:\/\/www.martina-tegtmeier.de\/index.php?rest_route=\/wp\/v2\/types\/page"}],"author":[{"embeddable":true,"href":"https:\/\/www.martina-tegtmeier.de\/index.php?rest_route=\/wp\/v2\/users\/1"}],"replies":[{"embeddable":true,"href":"https:\/\/www.martina-tegtmeier.de\/index.php?rest_route=%2Fwp%2Fv2%2Fcomments&post=9"}],"version-history":[{"count":22,"href":"https:\/\/www.martina-tegtmeier.de\/index.php?rest_route=\/wp\/v2\/pages\/9\/revisions"}],"predecessor-version":[{"id":2060,"href":"https:\/\/www.martina-tegtmeier.de\/index.php?rest_route=\/wp\/v2\/pages\/9\/revisions\/2060"}],"wp:attachment":[{"href":"https:\/\/www.martina-tegtmeier.de\/index.php?rest_route=%2Fwp%2Fv2%2Fmedia&parent=9"}],"curies":[{"name":"wp","href":"https:\/\/api.w.org\/{rel}","templated":true}]}}